{"id":135177,"date":"2025-01-28T17:01:33","date_gmt":"2025-01-28T15:01:33","guid":{"rendered":"https:\/\/peimar.com\/2-0\/?page_id=135177"},"modified":"2025-12-22T11:25:32","modified_gmt":"2025-12-22T10:25:32","slug":"peimar-monitoring","status":"publish","type":"page","link":"https:\/\/peimar.com\/pt\/peimar-monitoring\/","title":{"rendered":"Monitoriza\u00e7\u00e3o Peimar"},"content":{"rendered":"<div class=\"wpb-content-wrapper\"><section data-parent=\"true\" class=\"vc_section style-color-xsdn-bg row-container\" id=\"section-unique-0\"><div class=\"row no-top-padding no-bottom-padding no-h-padding full-width row-parent\"><div data-parent=\"true\" class=\"vc_row row-container\" id=\"row-unique-0\"><div class=\"row-background background-element\">\n\t\t\t\t\t\t\t\t\t\t\t<div class=\"background-wrapper\">\n\t\t\t\t\t\t\t\t\t\t\t\t<div class=\"background-inner\" style=\"background-image: url(https:\/\/peimar.com\/wp-content\/uploads\/2025\/01\/48-scaled.jpg);background-repeat: no-repeat;background-position: center center;background-attachment: scroll;background-size: cover;\"><\/div>\n\t\t\t\t\t\t\t\t\t\t\t\t\n\t\t\t\t\t\t\t\t\t\t\t<\/div>\n\t\t\t\t\t\t\t\t\t\t<\/div><div class=\"row col-half-gutter quad-top-padding double-bottom-padding double-h-padding limit-width row-parent\" style=\"max-width:1500px; margin-left:auto; margin-right:auto;\"><div class=\"wpb_row row-inner\"><div class=\"wpb_column pos-middle pos-center align_center column_parent col-lg-12 no-internal-gutter\"><div class=\"uncol style-spec style-dark\"  ><div class=\"uncoltable\"><div class=\"uncell no-block-padding\" ><div class=\"uncont\" ><div class=\"empty-space empty-single desktop-hidden tablet-hidden\" ><span class=\"empty-space-inner\"><\/span><\/div>\n<div class=\"vc_custom_heading_wrap\"><div class=\"heading-text el-text\" ><h2 class=\"fontsize-155944 text-color-xsdn-color\" ><span>Monitoriza\u00e7\u00e3o Peimar<\/span><\/h2><\/div><div class=\"clear\"><\/div><\/div><div class=\"uncode_text_column text-small text-color-xsdn-color\" ><p>Monitore sua planta com os portais e aplicativos Peimar.<\/p>\n<\/div><\/div><\/div><\/div><\/div><\/div><script id=\"script-row-unique-0\" data-row=\"script-row-unique-0\" type=\"text\/javascript\" class=\"vc_controls\">UNCODE.initRow(document.getElementById(\"row-unique-0\"));<\/script><\/div><\/div><\/div><div data-parent=\"true\" class=\"vc_row row-container desktop-hidden tablet-hidden\" id=\"row-unique-1\"><div class=\"row col-no-gutter no-top-padding no-bottom-padding single-h-padding limit-width row-parent\"><div class=\"wpb_row row-inner\"><div class=\"wpb_column pos-middle pos-center align_left column_parent col-lg-12 no-internal-gutter\"><div class=\"uncol style-light animate_when_almost_visible left-t-right\"  ><div class=\"uncoltable\"><div class=\"uncell no-block-padding\" ><div class=\"uncont\" ><div class=\"divider-wrapper peimar-divider\"  >\n    <hr class=\"unseparator separator-no-padding\"  \/>\n<\/div>\n<\/div><\/div><\/div><\/div><\/div><script id=\"script-row-unique-1\" data-row=\"script-row-unique-1\" type=\"text\/javascript\" class=\"vc_controls\">UNCODE.initRow(document.getElementById(\"row-unique-1\"));<\/script><\/div><\/div><\/div><div data-parent=\"true\" class=\"vc_row row-container desktop-hidden tablet-hidden mobile-hidden\" id=\"row-unique-2\"><div class=\"row unequal col-no-gutter no-top-padding no-bottom-padding single-h-padding limit-width row-parent\"><div class=\"wpb_row row-inner\"><div class=\"wpb_column pos-middle pos-center align_left column_parent col-lg-12 no-internal-gutter\"><div class=\"uncol style-light\"  ><div class=\"uncoltable\"><div class=\"uncell no-block-padding\" ><div class=\"uncont\" ><div class=\"empty-space empty-half\" ><span class=\"empty-space-inner\"><\/span><\/div>\n<\/div><\/div><\/div><\/div><a class=\"col-link custom-link\" href=\"https:\/\/peimar.com\/pt\/download-pannelli\/\" target=\"_self\" title=\"M\u00f3dulos\"><\/a><\/div><script id=\"script-row-unique-2\" data-row=\"script-row-unique-2\" type=\"text\/javascript\" class=\"vc_controls\">UNCODE.initRow(document.getElementById(\"row-unique-2\"));<\/script><\/div><\/div><\/div><div data-parent=\"true\" class=\"vc_row row-container\" id=\"row-unique-4\"><div class=\"row col-no-gutter single-top-padding single-bottom-padding single-h-padding limit-width row-parent\"><div class=\"wpb_row row-inner\"><div class=\"wpb_column pos-middle pos-center align_left column_parent col-lg-12 no-internal-gutter\"><div class=\"uncol style-light animate_when_almost_visible left-t-right\"  ><div class=\"uncoltable\"><div class=\"uncell no-block-padding\" ><div class=\"uncont\" ><div class=\"divider-wrapper peimar-divider\"  >\n    <hr class=\"unseparator separator-no-padding\"  \/>\n<\/div>\n<\/div><\/div><\/div><\/div><\/div><script id=\"script-row-unique-4\" data-row=\"script-row-unique-4\" type=\"text\/javascript\" class=\"vc_controls\">UNCODE.initRow(document.getElementById(\"row-unique-4\"));<\/script><\/div><\/div><\/div><div data-parent=\"true\" class=\"vc_row row-container\" id=\"row-unique-5\"><div class=\"row unequal col-no-gutter no-top-padding no-bottom-padding single-h-padding limit-width row-parent\"><div class=\"wpb_row row-inner\"><div class=\"wpb_column pos-middle pos-center align_left column_parent col-lg-1 col-md-16 col-sm-25 no-internal-gutter\"><div class=\"uncol style-light animate_when_almost_visible left-t-right\"  ><div class=\"uncoltable\"><div class=\"uncell no-block-padding\" ><div class=\"uncont\" ><div class=\"uncode-single-media desktop-hidden tablet-hidden text-left\"><div class=\"single-wrapper\" style=\"max-width: 80%;\"><a class=\"single-media-link\" href=\"https:\/\/peimar.com\/pt\/download-pannelli\/\" title=\"M\u00f3dulos\"><div class=\"tmb tmb-light  tmb-media-first tmb-media-last tmb-content-overlay tmb-no-bg\"><div class=\"t-inside\"><div class=\"t-entry-visual\"><div class=\"t-entry-visual-tc\"><div class=\"uncode-single-media-wrapper\"><img decoding=\"async\" class=\"wp-image-135287\" src=\"https:\/\/peimar.com\/wp-content\/uploads\/2025\/01\/52-1.png\" width=\"511\" height=\"511\" alt=\"\" srcset=\"https:\/\/peimar.com\/wp-content\/uploads\/2025\/01\/52-1.png 511w, https:\/\/peimar.com\/wp-content\/uploads\/2025\/01\/52-1-300x300.png 300w, https:\/\/peimar.com\/wp-content\/uploads\/2025\/01\/52-1-150x150.png 150w, https:\/\/peimar.com\/wp-content\/uploads\/2025\/01\/52-1-12x12.png 12w, https:\/\/peimar.com\/wp-content\/uploads\/2025\/01\/52-1-350x350.png 350w, https:\/\/peimar.com\/wp-content\/uploads\/2025\/01\/52-1-348x348.png 348w\" sizes=\"(max-width: 511px) 100vw, 511px\" \/><\/div>\n\t\t\t\t\t<\/div>\n\t\t\t\t<\/div><\/div><\/div><\/a><\/div><\/div><div class=\"uncode-single-media mobile-hidden text-left\"><div class=\"single-wrapper\" style=\"max-width: 70%;\"><div class=\"tmb tmb-light  tmb-shadowed tmb-shadowed-none tmb-media-first tmb-media-last tmb-content-overlay tmb-no-bg\"><div class=\"t-inside\"><div class=\"t-entry-visual\"><div class=\"t-entry-visual-tc\"><div class=\"uncode-single-media-wrapper\"><img decoding=\"async\" class=\"wp-image-135287\" src=\"https:\/\/peimar.com\/wp-content\/uploads\/2025\/01\/52-1.png\" width=\"511\" height=\"511\" alt=\"\" srcset=\"https:\/\/peimar.com\/wp-content\/uploads\/2025\/01\/52-1.png 511w, https:\/\/peimar.com\/wp-content\/uploads\/2025\/01\/52-1-300x300.png 300w, https:\/\/peimar.com\/wp-content\/uploads\/2025\/01\/52-1-150x150.png 150w, https:\/\/peimar.com\/wp-content\/uploads\/2025\/01\/52-1-12x12.png 12w, https:\/\/peimar.com\/wp-content\/uploads\/2025\/01\/52-1-350x350.png 350w, https:\/\/peimar.com\/wp-content\/uploads\/2025\/01\/52-1-348x348.png 348w\" sizes=\"(max-width: 511px) 100vw, 511px\" \/><\/div>\n\t\t\t\t\t<\/div>\n\t\t\t\t<\/div><\/div><\/div><\/div><\/div><\/div><\/div><\/div><\/div><\/div><div class=\"wpb_column pos-middle pos-center align_left column_parent col-lg-8 col-md-33 col-sm-75 no-internal-gutter\"><div class=\"uncol style-light animate_when_almost_visible left-t-right\"  ><div class=\"uncoltable\"><div class=\"uncell no-block-padding\" ><div class=\"uncont\" ><div class=\"vc_custom_heading_wrap desktop-hidden download-titolo-sezione\"><div class=\"heading-text el-text\" ><h3 class=\"h3 text-color-210407-color\" ><span>Portal Peimar X<\/span><\/h3><\/div><div class=\"clear\"><\/div><\/div><div class=\"vc_custom_heading_wrap tablet-hidden mobile-hidden download-titolo-sezione\"><div class=\"heading-text el-text\" ><h3 class=\"h3 text-color-210407-color\" ><span>S\u00e9rie PSI-X<\/span><\/h3><\/div><div class=\"clear\"><\/div><\/div><\/div><\/div><\/div><\/div><\/div><div class=\"wpb_column pos-middle pos-center align_right align_left_mobile column_parent col-lg-3 col-md-100 col-sm-100 col-sm-clear half-internal-gutter\"><div class=\"uncol style-light animate_when_almost_visible right-t-left\"  ><div class=\"uncoltable\"><div class=\"uncell no-block-padding\" ><div class=\"uncont\" ><div class=\"vc_row row-internal row-container\"><div class=\"row row-child\"><div class=\"wpb_row row-inner\"><div class=\"wpb_column pos-top pos-center align_right column_child col-lg-12 tablet-hidden mobile-hidden single-internal-gutter\"><div class=\"uncol style-light\" ><div class=\"uncoltable\"><div class=\"uncell no-block-padding\" ><div class=\"uncont\" ><span class=\"btn-container\" ><a role=\"button\"  href=\"https:\/\/www.peimar-psix-portal.com\/#\/login\" class=\"custom-link btn btn-sm border-width-0 btn-color-210407 btn-flat btn-icon-right\" target=\"_blank\">Ir para o site<i class=\"fa fa-angle-right\"><\/i><\/a><\/span><\/div><\/div><\/div><\/div><\/div><\/div><\/div><\/div><div class=\"vc_row row-internal row-container desktop-hidden\"><div class=\"row col-no-gutter row-child\"><div class=\"wpb_row row-inner\"><div class=\"wpb_column pos-top pos-center align_left column_child col-lg-6 col-md-50 col-sm-50 single-internal-gutter\"><div class=\"uncol style-light\" ><div class=\"uncoltable\"><div class=\"uncell no-block-padding\" ><div class=\"uncont\" ><span class=\"btn-container\" ><a role=\"button\"  href=\"https:\/\/apps.apple.com\/it\/app\/peimar-x-portal\/id1611771602\" class=\"custom-link btn btn-sm border-width-0 btn-color-210407 btn-flat btn-icon-left\" target=\"_blank\"><i class=\"fa fa-apple\"><\/i>Apri l&#8217;app<\/a><\/span><\/div><\/div><\/div><\/div><\/div><div class=\"wpb_column pos-top pos-center align_left column_child col-lg-6 col-md-50 col-sm-50 single-internal-gutter\"><div class=\"uncol style-light\" ><div class=\"uncoltable\"><div class=\"uncell no-block-padding\" ><div class=\"uncont\" ><span class=\"btn-container\" ><a role=\"button\"  href=\"https:\/\/play.google.com\/store\/apps\/details?id=com.peimar.webapp&hl=it\" class=\"custom-link btn btn-sm border-width-0 btn-color-210407 btn-outline btn-icon-left\" target=\"_blank\"><i class=\"fa fa-android\"><\/i>Apri l&#8217;app<\/a><\/span><\/div><\/div><\/div><\/div><\/div><\/div><\/div><\/div><div class=\"empty-space empty-half desktop-hidden mobile-hidden\" ><span class=\"empty-space-inner\"><\/span><\/div>\n<\/div><\/div><\/div><\/div><\/div><script id=\"script-row-unique-5\" data-row=\"script-row-unique-5\" type=\"text\/javascript\" class=\"vc_controls\">UNCODE.initRow(document.getElementById(\"row-unique-5\"));<\/script><\/div><\/div><\/div><div data-parent=\"true\" class=\"vc_row row-container\" id=\"row-unique-6\"><div class=\"row col-no-gutter single-top-padding single-bottom-padding single-h-padding limit-width row-parent\"><div class=\"wpb_row row-inner\"><div class=\"wpb_column pos-middle pos-center align_left column_parent col-lg-12 no-internal-gutter\"><div class=\"uncol style-light animate_when_almost_visible left-t-right\"  ><div class=\"uncoltable\"><div class=\"uncell no-block-padding\" ><div class=\"uncont\" ><div class=\"divider-wrapper peimar-divider\"  >\n    <hr class=\"unseparator separator-no-padding\"  \/>\n<\/div>\n<\/div><\/div><\/div><\/div><\/div><script id=\"script-row-unique-6\" data-row=\"script-row-unique-6\" type=\"text\/javascript\" class=\"vc_controls\">UNCODE.initRow(document.getElementById(\"row-unique-6\"));<\/script><\/div><\/div><\/div><div data-parent=\"true\" class=\"vc_row row-container\" id=\"row-unique-8\"><div class=\"row col-no-gutter single-top-padding single-bottom-padding single-h-padding limit-width row-parent\"><div class=\"wpb_row row-inner\"><div class=\"wpb_column pos-middle pos-center align_left column_parent col-lg-12 no-internal-gutter\"><div class=\"uncol style-light animate_when_almost_visible left-t-right\"  ><div class=\"uncoltable\"><div class=\"uncell no-block-padding\" ><div class=\"uncont\" ><div class=\"divider-wrapper peimar-divider\"  >\n    <hr class=\"unseparator separator-no-padding\"  \/>\n<\/div>\n<\/div><\/div><\/div><\/div><\/div><script id=\"script-row-unique-8\" data-row=\"script-row-unique-8\" type=\"text\/javascript\" class=\"vc_controls\">UNCODE.initRow(document.getElementById(\"row-unique-8\"));<\/script><\/div><\/div><\/div><script id=\"script-section-unique-0\" data-section=\"script-section-unique-0\" type=\"text\/javascript\">UNCODE.initSection(document.getElementById(\"section-unique-0\"));<\/script><\/div><\/section><div data-parent=\"true\" class=\"vc_row row-container\" id=\"row-unique-11\"><div class=\"row quad-top-padding triple-bottom-padding single-h-padding limit-width row-parent\"><div class=\"wpb_row row-inner\"><div class=\"wpb_column pos-middle pos-center align_center column_parent col-lg-12 no-internal-gutter\"><div class=\"uncol style-light\"  ><div class=\"uncoltable\"><div class=\"uncell no-block-padding\" ><div class=\"uncont\" ><div class=\"vc_custom_heading_wrap\"><div class=\"heading-text el-text\" ><h6 class=\"font-weight-400 text-color-210407-color\" ><span>Para mais certifica\u00e7\u00f5es e documentos, contatar o apoio t\u00e9cnico: <em><a href=\"mailto:assistenza@peimar.com\" target=\"_blank\" rel=\"noopener\">assistenza@peimar.com<\/a><\/em><\/span><\/h6><\/div><div class=\"clear\"><\/div><\/div><\/div><\/div><\/div><\/div><\/div><script id=\"script-row-unique-11\" data-row=\"script-row-unique-11\" type=\"text\/javascript\" class=\"vc_controls\">UNCODE.initRow(document.getElementById(\"row-unique-11\"));<\/script><\/div><\/div><\/div>\n<\/div>","protected":false},"excerpt":{"rendered":"Peimar monitoringMonitora il tuo impianto con i portali e le app Peimar. Peimar X PortalPSI-X SeriesVai al sitoApri l'appApri l'app [...]","protected":false},"author":17,"featured_media":0,"parent":0,"menu_order":0,"comment_status":"closed","ping_status":"closed","template":"","meta":{"footnotes":""},"class_list":["post-135177","page","type-page","status-publish","hentry"],"_links":{"self":[{"href":"https:\/\/peimar.com\/pt\/wp-json\/wp\/v2\/pages\/135177","targetHints":{"allow":["GET"]}}],"collection":[{"href":"https:\/\/peimar.com\/pt\/wp-json\/wp\/v2\/pages"}],"about":[{"href":"https:\/\/peimar.com\/pt\/wp-json\/wp\/v2\/types\/page"}],"author":[{"embeddable":true,"href":"https:\/\/peimar.com\/pt\/wp-json\/wp\/v2\/users\/17"}],"replies":[{"embeddable":true,"href":"https:\/\/peimar.com\/pt\/wp-json\/wp\/v2\/comments?post=135177"}],"version-history":[{"count":3,"href":"https:\/\/peimar.com\/pt\/wp-json\/wp\/v2\/pages\/135177\/revisions"}],"predecessor-version":[{"id":159584,"href":"https:\/\/peimar.com\/pt\/wp-json\/wp\/v2\/pages\/135177\/revisions\/159584"}],"wp:attachment":[{"href":"https:\/\/peimar.com\/pt\/wp-json\/wp\/v2\/media?parent=135177"}],"curies":[{"name":"wp","href":"https:\/\/api.w.org\/{rel}","templated":true}]}}